{"id":104,"date":"2022-02-06T19:50:03","date_gmt":"2022-02-06T19:50:03","guid":{"rendered":"http:\/\/www.rbfoto.cz\/?page_id=104"},"modified":"2022-02-18T14:13:44","modified_gmt":"2022-02-18T14:13:44","slug":"o_mne","status":"publish","type":"page","link":"https:\/\/www.rbfoto.cz\/index.php\/o_mne\/","title":{"rendered":"N\u011bco m\u00e1lo o mn\u011b a o m\u00e9 pr\u00e1ci"},"content":{"rendered":"\n<div class=\"wp-block-group is-layout-flow wp-block-group-is-layout-flow\"><div class=\"wp-block-group__inner-container\">\n<div class=\"wp-block-columns is-layout-flex wp-container-core-columns-layout-1 wp-block-columns-is-layout-flex\">\n<div class=\"wp-block-column is-vertically-aligned-center is-layout-flow wp-block-column-is-layout-flow\" style=\"flex-basis:40%\">\n<div class=\"wp-block-image is-style-default\"><figure class=\"aligncenter size-large is-resized\"><img loading=\"lazy\" decoding=\"async\" src=\"http:\/\/www.rbfoto.cz\/wp-content\/uploads\/2022\/02\/o_mne01-1024x682.jpg\" alt=\"\" class=\"wp-image-532\" width=\"256\" height=\"171\" srcset=\"https:\/\/www.rbfoto.cz\/wp-content\/uploads\/2022\/02\/o_mne01-1024x682.jpg 1024w, https:\/\/www.rbfoto.cz\/wp-content\/uploads\/2022\/02\/o_mne01-300x200.jpg 300w, https:\/\/www.rbfoto.cz\/wp-content\/uploads\/2022\/02\/o_mne01-768x512.jpg 768w, https:\/\/www.rbfoto.cz\/wp-content\/uploads\/2022\/02\/o_mne01-1536x1024.jpg 1536w, https:\/\/www.rbfoto.cz\/wp-content\/uploads\/2022\/02\/o_mne01-900x600.jpg 900w, https:\/\/www.rbfoto.cz\/wp-content\/uploads\/2022\/02\/o_mne01-500x333.jpg 500w, https:\/\/www.rbfoto.cz\/wp-content\/uploads\/2022\/02\/o_mne01.jpg 2000w\" sizes=\"(max-width: 256px) 100vw, 256px\" \/><\/figure><\/div>\n<\/div>\n\n\n\n<div class=\"wp-block-column is-vertically-aligned-center is-layout-flow wp-block-column-is-layout-flow\" style=\"flex-basis:60%\">\n<p>Fotografov\u00e1n\u00ed mne bav\u00ed snad u\u017e od mala. Pamatuji, jak jsem asi v&nbsp;7&nbsp;t\u0159\u00edd\u011b dostala sv\u016fj prvn\u00ed fotoapar\u00e1t od&nbsp;babi\u010dky a&nbsp;d\u011bdy je\u0161t\u011b na&nbsp;kinofilm. Fotila jsem v\u017edy a&nbsp;v\u0161ude.<\/p>\n\n\n\n<p>Dodnes se ke sv\u00fdm star\u00fdm fotografi\u00edm vrac\u00edm a&nbsp;r\u00e1da si u&nbsp;nich zavzpom\u00edn\u00e1m.<\/p>\n<\/div>\n<\/div>\n<\/div><\/div>\n\n\n\n<div class=\"wp-block-group is-layout-flow wp-block-group-is-layout-flow\"><div class=\"wp-block-group__inner-container\">\n<div class=\"wp-block-columns is-layout-flex wp-container-core-columns-layout-2 wp-block-columns-is-layout-flex\">\n<div class=\"wp-block-column is-vertically-aligned-center is-layout-flow wp-block-column-is-layout-flow\" style=\"flex-basis:66.66%\">\n<p>Tot\u00e9\u017e chci splnit i&nbsp;V\u00e1m. Zachytit a&nbsp;zachovat V\u00e1m Va\u0161e kr\u00e1sn\u00e9 vzpom\u00ednky napo\u0159\u00e1d.<\/p>\n\n\n\n<p>R\u00e1da fotografuji d\u011bti a&nbsp;zv\u00ed\u0159\u00e1tka. Nejrad\u011bji pokud jde skloubit oboje dohromady.<\/p>\n\n\n\n<p>V\u011bnuji se fotografov\u00e1n\u00ed rodin, maminek s&nbsp;b\u0159\u00ed\u0161kem \u010di&nbsp;p\u00e1rov\u00e9mu focen\u00ed. Ponech\u00e1m V\u00e1m vzpom\u00ednky na&nbsp;V\u00e1\u0161 svatebn\u00ed den.<\/p>\n\n\n\n<p>Pokud je to v&nbsp;m\u00fdch sil\u00e1ch, r\u00e1da podpo\u0159\u00edm jakoukoliv charitativn\u00ed akci.<\/p>\n<\/div>\n\n\n\n<div class=\"wp-block-column is-vertically-aligned-center is-layout-flow wp-block-column-is-layout-flow\" style=\"flex-basis:33.33%\">\n<figure class=\"wp-block-image size-medium is-resized is-style-default\"><img loading=\"lazy\" decoding=\"async\" src=\"http:\/\/www.rbfoto.cz\/wp-content\/uploads\/2022\/02\/o_mne03-200x300.jpg\" alt=\"\" class=\"wp-image-534\" width=\"200\" height=\"300\" srcset=\"https:\/\/www.rbfoto.cz\/wp-content\/uploads\/2022\/02\/o_mne03-200x300.jpg 200w, https:\/\/www.rbfoto.cz\/wp-content\/uploads\/2022\/02\/o_mne03-681x1024.jpg 681w, https:\/\/www.rbfoto.cz\/wp-content\/uploads\/2022\/02\/o_mne03-768x1154.jpg 768w, https:\/\/www.rbfoto.cz\/wp-content\/uploads\/2022\/02\/o_mne03-1022x1536.jpg 1022w, https:\/\/www.rbfoto.cz\/wp-content\/uploads\/2022\/02\/o_mne03-900x1352.jpg 900w, https:\/\/www.rbfoto.cz\/wp-content\/uploads\/2022\/02\/o_mne03-500x751.jpg 500w, https:\/\/www.rbfoto.cz\/wp-content\/uploads\/2022\/02\/o_mne03.jpg 1331w\" sizes=\"(max-width: 200px) 100vw, 200px\" \/><\/figure>\n<\/div>\n<\/div>\n<\/div><\/div>\n\n\n\n<div class=\"wp-block-group is-layout-flow wp-block-group-is-layout-flow\"><div class=\"wp-block-group__inner-container\">\n<div class=\"wp-block-columns is-layout-flex wp-container-core-columns-layout-3 wp-block-columns-is-layout-flex\">\n<div class=\"wp-block-column is-vertically-aligned-center is-layout-flow wp-block-column-is-layout-flow\" style=\"flex-basis:33.33%\">\n<figure class=\"wp-block-image size-large is-resized is-style-default\"><img loading=\"lazy\" decoding=\"async\" src=\"http:\/\/www.rbfoto.cz\/wp-content\/uploads\/2022\/02\/o_mne02-1024x682.jpg\" alt=\"\" class=\"wp-image-533\" width=\"256\" height=\"171\" srcset=\"https:\/\/www.rbfoto.cz\/wp-content\/uploads\/2022\/02\/o_mne02-1024x682.jpg 1024w, https:\/\/www.rbfoto.cz\/wp-content\/uploads\/2022\/02\/o_mne02-300x200.jpg 300w, https:\/\/www.rbfoto.cz\/wp-content\/uploads\/2022\/02\/o_mne02-768x512.jpg 768w, https:\/\/www.rbfoto.cz\/wp-content\/uploads\/2022\/02\/o_mne02-1536x1024.jpg 1536w, https:\/\/www.rbfoto.cz\/wp-content\/uploads\/2022\/02\/o_mne02-900x600.jpg 900w, https:\/\/www.rbfoto.cz\/wp-content\/uploads\/2022\/02\/o_mne02-500x333.jpg 500w, https:\/\/www.rbfoto.cz\/wp-content\/uploads\/2022\/02\/o_mne02.jpg 2000w\" sizes=\"(max-width: 256px) 100vw, 256px\" \/><\/figure>\n<\/div>\n\n\n\n<div class=\"wp-block-column is-vertically-aligned-center is-layout-flow wp-block-column-is-layout-flow\" style=\"flex-basis:66.66%\">\n<p>M\u00e1m r\u00e1da nov\u00e9 n\u00e1pady a&nbsp;nebr\u00e1n\u00edm se zakomponovat do fotografie i&nbsp;ty&nbsp;Va\u0161e.<\/p>\n\n\n\n<p>Pokud se V\u00e1m m\u00e1 pr\u00e1ce l\u00edb\u00ed, nev\u00e1hejte mne kontaktovat.<\/p>\n\n\n\n<p><strong>T\u011b\u0161\u00edm se na V\u00e1s \u2026<\/strong><\/p>\n<\/div>\n<\/div>\n<\/div><\/div>\n","protected":false},"excerpt":{"rendered":"<p>Fotografov\u00e1n\u00ed mne bav\u00ed snad u\u017e od mala. Pamatuji, jak jsem asi v&nbsp;7&nbsp;t\u0159\u00edd\u011b dostala sv\u016fj prvn\u00ed fotoapar\u00e1t od&nbsp;babi\u010dky a&nbsp;d\u011bdy je\u0161t\u011b na&nbsp;kinofilm. Fotila jsem [&hellip;]<\/p>\n","protected":false},"author":1,"featured_media":0,"parent":0,"menu_order":0,"comment_status":"closed","ping_status":"closed","template":"","meta":{"footnotes":""},"_links":{"self":[{"href":"https:\/\/www.rbfoto.cz\/index.php\/wp-json\/wp\/v2\/pages\/104"}],"collection":[{"href":"https:\/\/www.rbfoto.cz\/index.php\/wp-json\/wp\/v2\/pages"}],"about":[{"href":"https:\/\/www.rbfoto.cz\/index.php\/wp-json\/wp\/v2\/types\/page"}],"author":[{"embeddable":true,"href":"https:\/\/www.rbfoto.cz\/index.php\/wp-json\/wp\/v2\/users\/1"}],"replies":[{"embeddable":true,"href":"https:\/\/www.rbfoto.cz\/index.php\/wp-json\/wp\/v2\/comments?post=104"}],"version-history":[{"count":28,"href":"https:\/\/www.rbfoto.cz\/index.php\/wp-json\/wp\/v2\/pages\/104\/revisions"}],"predecessor-version":[{"id":555,"href":"https:\/\/www.rbfoto.cz\/index.php\/wp-json\/wp\/v2\/pages\/104\/revisions\/555"}],"wp:attachment":[{"href":"https:\/\/www.rbfoto.cz\/index.php\/wp-json\/wp\/v2\/media?parent=104"}],"curies":[{"name":"wp","href":"https:\/\/api.w.org\/{rel}","templated":true}]}}