{"id":433,"date":"2022-02-10T18:34:36","date_gmt":"2022-02-10T18:34:36","guid":{"rendered":"http:\/\/www.rbfoto.cz\/?page_id=433"},"modified":"2024-04-16T12:06:10","modified_gmt":"2024-04-16T12:06:10","slug":"cenik","status":"publish","type":"page","link":"https:\/\/www.rbfoto.cz\/index.php\/cenik\/","title":{"rendered":"Cen\u00edk"},"content":{"rendered":"\n<div class=\"wp-block-columns is-layout-flex wp-container-core-columns-layout-1 wp-block-columns-is-layout-flex\">\n<div class=\"wp-block-column is-layout-flow wp-block-column-is-layout-flow\" style=\"flex-basis:66.66%\">\n<p><strong>Rodinn\u00e9, T\u011bhotensk\u00e9, focen\u00ed d\u011bt\u00ed a mazl\u00ed\u010dk\u016f<\/strong> <\/p>\n\n\n\n<ul>\n<li>7 fotografi\u00ed dle vlastn\u00edho v\u00fdb\u011bru v elektronick\u00e9 podob\u011b<\/li>\n\n\n\n<li>doba focen\u00ed 30-60 minut dle typu focen\u00ed<\/li>\n\n\n\n<li>dod\u00e1n\u00ed fotografi\u00ed do 2-4 t\u00fddn\u016f<\/li>\n\n\n\n<li>fotografie nad r\u00e1mec bal\u00ed\u010dku lze dokoupit<\/li>\n<\/ul>\n<\/div>\n\n\n\n<div class=\"wp-block-column is-layout-flow wp-block-column-is-layout-flow\" style=\"flex-basis:33.33%\">\n<p><strong>1 950 K\u010d<\/strong><\/p>\n<\/div>\n<\/div>\n\n\n\n<div class=\"wp-block-columns is-layout-flex wp-container-core-columns-layout-2 wp-block-columns-is-layout-flex\">\n<div class=\"wp-block-column is-layout-flow wp-block-column-is-layout-flow\" style=\"flex-basis:66.66%\">\n<p><strong>T\u00e9matick\u00e9 focen\u00ed s pon\u00edkem, ove\u010dkou, ko\u0165\u00e1tky,<br>slepi\u010dkou a pejskem <\/strong><\/p>\n\n\n\n<ul>\n<li>7 fotografi\u00ed dle vlastn\u00edho v\u00fdb\u011bru v elektronick\u00e9 podob\u011b<\/li>\n\n\n\n<li>doba focen\u00ed 30-40 minut dle typu focen\u00ed<\/li>\n\n\n\n<li>dod\u00e1n\u00ed fotografi\u00ed do 2-4 t\u00fddn\u016f<\/li>\n\n\n\n<li>fotografie nad r\u00e1mec bal\u00ed\u010dku lze dokoupit<\/li>\n<\/ul>\n<\/div>\n\n\n\n<div class=\"wp-block-column is-layout-flow wp-block-column-is-layout-flow\" style=\"flex-basis:33.33%\">\n<p><strong>2 600 K\u010d<\/strong><\/p>\n<\/div>\n<\/div>\n\n\n\n<div class=\"wp-block-columns is-layout-flex wp-container-core-columns-layout-4 wp-block-columns-is-layout-flex\">\n<div class=\"wp-block-column is-layout-flow wp-block-column-is-layout-flow\" style=\"flex-basis:66.66%\">\n<div class=\"wp-block-columns is-layout-flex wp-container-core-columns-layout-3 wp-block-columns-is-layout-flex\">\n<div class=\"wp-block-column is-layout-flow wp-block-column-is-layout-flow\">\n<p><strong>T\u00e9matick\u00e9 focen\u00ed s vlkem, li\u0161kou a dravci<\/strong><\/p>\n\n\n\n<ul>\n<li>5 fotografi\u00ed dle vlastn\u00edho v\u00fdb\u011bru v elektronick\u00e9 podob\u011b<\/li>\n\n\n\n<li>doba focen\u00ed cca 15 minut<\/li>\n\n\n\n<li>dod\u00e1n\u00ed fotografi\u00ed do 2-4 t\u00fddn\u016f<\/li>\n\n\n\n<li>fotografie nad r\u00e1mec bal\u00ed\u010dku lze dokoupit<\/li>\n<\/ul>\n<\/div>\n<\/div>\n<\/div>\n\n\n\n<div class=\"wp-block-column is-layout-flow wp-block-column-is-layout-flow\" style=\"flex-basis:33.33%\">\n<p><strong>3 200 K\u010d<\/strong><\/p>\n<\/div>\n<\/div>\n\n\n\n<p><strong>Mo\u017enost dokoupen\u00ed<\/strong><\/p>\n\n\n\n<div class=\"wp-block-columns is-layout-flex wp-container-core-columns-layout-5 wp-block-columns-is-layout-flex\">\n<div class=\"wp-block-column is-layout-flow wp-block-column-is-layout-flow\" style=\"flex-basis:66.66%\">\n<ul>\n<li><strong>zap\u016fj\u010den\u00ed kost\u00fdm\u016f<\/strong>\n<ul>\n<li> je pot\u0159eba objednat v\u017edy dop\u0159edu. Nen\u00ed mo\u017eno dokoupit na m\u00edst\u011b<\/li>\n<\/ul>\n<\/li>\n<\/ul>\n<\/div>\n\n\n\n<div class=\"wp-block-column is-layout-flow wp-block-column-is-layout-flow\" style=\"flex-basis:33.33%\">\n<p><strong>1 000 K\u010d<\/strong><\/p>\n<\/div>\n<\/div>\n\n\n\n<div class=\"wp-block-columns is-layout-flex wp-container-core-columns-layout-6 wp-block-columns-is-layout-flex\">\n<div class=\"wp-block-column is-layout-flow wp-block-column-is-layout-flow\" style=\"flex-basis:66.66%\">\n<ul>\n<li><strong>l\u00ed\u010den\u00ed, \u00faprava vlas\u016f<\/strong>\n<ul>\n<li>je pot\u0159eba objednat v\u017edy dop\u0159edu. Nen\u00ed mo\u017eno dokoupit na m\u00edst\u011b<\/li>\n<\/ul>\n<\/li>\n<\/ul>\n<\/div>\n\n\n\n<div class=\"wp-block-column is-layout-flow wp-block-column-is-layout-flow\" style=\"flex-basis:33.33%\">\n<p><font style=\"vertical-align: inherit;\"><font style=\"vertical-align: inherit;\"><b>1<\/b><\/font><\/font>5<strong><font style=\"vertical-align: inherit;\"><font style=\"vertical-align: inherit;\">00 K\u010d<\/font><\/font><\/strong><\/p>\n<\/div>\n<\/div>\n\n\n\n<div class=\"wp-block-columns is-layout-flex wp-container-core-columns-layout-7 wp-block-columns-is-layout-flex\">\n<div class=\"wp-block-column is-layout-flow wp-block-column-is-layout-flow\" style=\"flex-basis:66.66%\">\n<p><strong>P\u0159\u00edplatek za expres dod\u00e1n\u00ed fotografi\u00ed<\/strong><\/p>\n\n\n\n<ul>\n<li>fotografie budou zasl\u00e1ny p\u0159ednostn\u011b<\/li>\n<\/ul>\n<\/div>\n\n\n\n<div class=\"wp-block-column is-layout-flow wp-block-column-is-layout-flow\" style=\"flex-basis:33.33%\">\n<p><strong>1 000 K\u010d<\/strong><\/p>\n<\/div>\n<\/div>\n\n\n\n<p><strong>Objedn\u00e1n\u00ed term\u00ednu focen\u00ed je z\u00e1vazn\u00e9.<\/strong><\/p>\n\n\n\n<p><br>Budete vyzv\u00e1ni k zaplacen\u00ed z\u00e1lohy (min 50 % z celkov\u00e9 \u010d\u00e1stky focen\u00ed). Z\u00e1loha je splatn\u00e1 do 4 pracovn\u00edch dn\u016f.V p\u0159\u00edpad\u011b zru\u0161en\u00ed term\u00ednu focen\u00ed, z\u00e1loha propad\u00e1 v pln\u00e9 v\u00fd\u0161i. V opa\u010dn\u00e9m p\u0159\u00edpad\u011b se ode\u010dte od celkov\u00e9 \u010d\u00e1stky focen\u00ed.<\/p>\n\n\n\n<p>Cena za focen\u00ed je splatn\u00e1 ihned po skon\u010den\u00ed focen\u00ed v hotovosti.<\/p>\n\n\n\n<p><strong>V p\u0159\u00edpad\u011b, \u017ee se na term\u00edn fotografov\u00e1n\u00ed nedostav\u00edte bez p\u0159edchoz\u00ed omluvy, bude V\u00e1m \u00fa\u010dtov\u00e1n cel\u00fd poplatek za focen\u00ed.<\/strong><br><\/p>\n\n\n\n<p>V p\u0159\u00edpad\u011b nemoci lze po p\u0159edchoz\u00ed domluv\u011b fotografov\u00e1n\u00ed p\u0159esunout na jin\u00fd term\u00edn.<br><\/p>\n\n\n\n<p>P\u0159i v\u00fdb\u011bru fotografi\u00ed nad r\u00e1mec bal\u00ed\u010dku, odes\u00edl\u00e1m vybran\u00e9 fotografie, a\u017e po zaplacen\u00ed dan\u00e9 \u010d\u00e1stky.<br><\/p>\n\n\n\n<p>N\u00e1hledy nebo neupraven\u00e9 fotografie, se nesm\u00ed bez m\u00e9ho p\u0159edchoz\u00edho souhlasu kdekoliv zve\u0159ejnit ani d\u00e1le upravovat.<br><\/p>\n\n\n\n<p>Dod\u00e1n\u00ed fotografi\u00ed je v elektronick\u00e9 podob\u011b. Fotografie je pot\u0159eba st\u00e1hnout do dan\u00e9ho term\u00ednu.<br><\/p>\n\n\n\n<p>Je mo\u017en\u00e9 zakoupit poukaz v ti\u0161t\u011bn\u00e9 podob\u011b, kter\u00fd m\u00e1 platnost 1 rok.<\/p>\n\n\n\n<div class=\"wp-block-columns is-layout-flex wp-container-core-columns-layout-12 wp-block-columns-is-layout-flex\">\n<div class=\"wp-block-column is-layout-flow wp-block-column-is-layout-flow\">\n<p><\/p>\n\n\n\n<p><\/p>\n\n\n\n<p><strong>Svatby<\/strong><\/p>\n\n\n\n<div class=\"wp-block-columns is-layout-flex wp-container-core-columns-layout-8 wp-block-columns-is-layout-flex\">\n<div class=\"wp-block-column is-layout-flow wp-block-column-is-layout-flow\" style=\"flex-basis:66.66%\">\n<p><strong>3 hodiny (ob\u0159ad, skupinov\u00e9 foto) <\/strong><\/p>\n\n\n\n<ul>\n<li>fotografie na USB<\/li>\n\n\n\n<li>20 ks fotografi\u00ed 10&#215;13 v ti\u0161t\u011bn\u00e9 podob\u011b<\/li>\n<\/ul>\n<\/div>\n\n\n\n<div class=\"wp-block-column is-layout-flow wp-block-column-is-layout-flow\" style=\"flex-basis:33.33%\">\n<p><strong>6 000 K\u010d<\/strong><\/p>\n<\/div>\n<\/div>\n\n\n\n<div class=\"wp-block-columns is-layout-flex wp-container-core-columns-layout-9 wp-block-columns-is-layout-flex\">\n<div class=\"wp-block-column is-layout-flow wp-block-column-is-layout-flow\" style=\"flex-basis:66.66%\">\n<p><strong>5 hodin (ob\u0159ad, skupinov\u00e9 foto, hostina) <\/strong><\/p>\n\n\n\n<ul>\n<li>fotografie na USB<\/li>\n\n\n\n<li>30 ks fotografi\u00ed 10&#215;13 v ti\u0161t\u011bn\u00e9 podob\u011b<\/li>\n<\/ul>\n<\/div>\n\n\n\n<div class=\"wp-block-column is-layout-flow wp-block-column-is-layout-flow\" style=\"flex-basis:33.33%\">\n<p><strong>8 000 K\u010d<\/strong><\/p>\n<\/div>\n<\/div>\n\n\n\n<div class=\"wp-block-columns is-layout-flex wp-container-core-columns-layout-10 wp-block-columns-is-layout-flex\">\n<div class=\"wp-block-column is-layout-flow wp-block-column-is-layout-flow\" style=\"flex-basis:66.66%\">\n<p><strong>12 hodin<\/strong><\/p>\n\n\n\n<ul>\n<li>Fotografie na USB<\/li>\n\n\n\n<li>50 ks fotografi\u00ed 10&#215;13 v ti\u0161t\u011bn\u00e9 podob\u011b<\/li>\n<\/ul>\n<\/div>\n\n\n\n<div class=\"wp-block-column is-layout-flow wp-block-column-is-layout-flow\" style=\"flex-basis:33.33%\">\n<p><strong>16 000 K\u010d<\/strong><\/p>\n<\/div>\n<\/div>\n\n\n\n<div class=\"wp-block-columns is-layout-flex wp-container-core-columns-layout-11 wp-block-columns-is-layout-flex\">\n<div class=\"wp-block-column is-layout-flow wp-block-column-is-layout-flow\" style=\"flex-basis:66.66%\">\n<p><strong>Za ka\u017edou dal\u0161\u00ed zapo\u010datou hodinu<\/strong><\/p>\n<\/div>\n\n\n\n<div class=\"wp-block-column is-layout-flow wp-block-column-is-layout-flow\" style=\"flex-basis:33.33%\">\n<p><strong>1 600 K\u010d<\/strong><\/p>\n<\/div>\n<\/div>\n<\/div>\n<\/div>\n\n\n\n<p><strong>Oslavy, Sportovn\u00ed akce \u2026<\/strong><\/p>\n\n\n\n<ul>\n<li>dle individu\u00e1ln\u00ed dohody<br>Nev\u00e1hejte mne kontaktovat, viz Kontakt<\/li>\n<\/ul>\n\n\n\n<p><strong>Objedn\u00e1n\u00edm se zavazujete, \u017ee jste se sezn\u00e1mili s obchodn\u00edmi podm\u00ednkami, stylem a cen\u00edkem<br>fotografa.<\/strong><\/p>\n","protected":false},"excerpt":{"rendered":"<p>Rodinn\u00e9, T\u011bhotensk\u00e9, focen\u00ed d\u011bt\u00ed a mazl\u00ed\u010dk\u016f 1 950 K\u010d T\u00e9matick\u00e9 focen\u00ed s pon\u00edkem, ove\u010dkou, ko\u0165\u00e1tky,slepi\u010dkou a pejskem 2 600 K\u010d T\u00e9matick\u00e9 focen\u00ed [&hellip;]<\/p>\n","protected":false},"author":1,"featured_media":0,"parent":0,"menu_order":0,"comment_status":"closed","ping_status":"closed","template":"","meta":{"footnotes":""},"_links":{"self":[{"href":"https:\/\/www.rbfoto.cz\/index.php\/wp-json\/wp\/v2\/pages\/433"}],"collection":[{"href":"https:\/\/www.rbfoto.cz\/index.php\/wp-json\/wp\/v2\/pages"}],"about":[{"href":"https:\/\/www.rbfoto.cz\/index.php\/wp-json\/wp\/v2\/types\/page"}],"author":[{"embeddable":true,"href":"https:\/\/www.rbfoto.cz\/index.php\/wp-json\/wp\/v2\/users\/1"}],"replies":[{"embeddable":true,"href":"https:\/\/www.rbfoto.cz\/index.php\/wp-json\/wp\/v2\/comments?post=433"}],"version-history":[{"count":18,"href":"https:\/\/www.rbfoto.cz\/index.php\/wp-json\/wp\/v2\/pages\/433\/revisions"}],"predecessor-version":[{"id":579,"href":"https:\/\/www.rbfoto.cz\/index.php\/wp-json\/wp\/v2\/pages\/433\/revisions\/579"}],"wp:attachment":[{"href":"https:\/\/www.rbfoto.cz\/index.php\/wp-json\/wp\/v2\/media?parent=433"}],"curies":[{"name":"wp","href":"https:\/\/api.w.org\/{rel}","templated":true}]}}