{"id":67,"date":"2022-02-06T19:08:27","date_gmt":"2022-02-06T19:08:27","guid":{"rendered":"http:\/\/www.rbfoto.cz\/?page_id=67"},"modified":"2022-02-13T11:21:29","modified_gmt":"2022-02-13T11:21:29","slug":"galerie","status":"publish","type":"page","link":"https:\/\/www.rbfoto.cz\/index.php\/galerie\/","title":{"rendered":"Galerie"},"content":{"rendered":"\n<div class=\"wp-block-columns is-layout-flex wp-container-core-columns-layout-1 wp-block-columns-is-layout-flex\">\n<div class=\"wp-block-column is-layout-flow wp-block-column-is-layout-flow\" style=\"flex-basis:33.33%\"><\/div>\n\n\n\n<div class=\"wp-block-column is-layout-flow wp-block-column-is-layout-flow\" style=\"flex-basis:66.66%\">\n<p><a href=\"http:\/\/www.rbfoto.cz\/index.php\/galerie\/deti\/\" class=\"odkaz\">D\u011bti<\/a><br>\n<a href=\"http:\/\/www.rbfoto.cz\/index.php\/galerie\/rodinne-foto\/\" class=\"odkaz\">Rodina<\/a><br>\n<a href=\"http:\/\/www.rbfoto.cz\/index.php\/galerie\/mazlicci\/\" class=\"odkaz\">Mazli\u010dci<\/a><br>\n<a href=\"http:\/\/www.rbfoto.cz\/index.php\/galerie\/tehotenske\/\" class=\"odkaz\">T\u011bhotensk\u00e9<\/a><br>\n<a href=\"http:\/\/www.rbfoto.cz\/index.php\/galerie\/svatby\/\" class=\"odkaz\">Svatby<\/a><br>\n<a href=\"http:\/\/www.rbfoto.cz\/index.php\/galerie\/tematicke\/\" class=\"odkaz\">T\u00e9matick\u00e9<\/a><br>\n<a href=\"http:\/\/www.rbfoto.cz\/index.php\/galerie\/sportovni-akce\/\" class=\"odkaz\">Sportovn\u00ed akce<\/a><br>\n\n\n<\/p>\n<\/div>\n<\/div>\n\n\n\n<p><\/p>\n","protected":false},"excerpt":{"rendered":"<p>D\u011bti Rodina Mazli\u010dci T\u011bhotensk\u00e9 Svatby T\u00e9matick\u00e9 Sportovn\u00ed akce<\/p>\n","protected":false},"author":1,"featured_media":0,"parent":0,"menu_order":0,"comment_status":"closed","ping_status":"closed","template":"","meta":{"footnotes":""},"_links":{"self":[{"href":"https:\/\/www.rbfoto.cz\/index.php\/wp-json\/wp\/v2\/pages\/67"}],"collection":[{"href":"https:\/\/www.rbfoto.cz\/index.php\/wp-json\/wp\/v2\/pages"}],"about":[{"href":"https:\/\/www.rbfoto.cz\/index.php\/wp-json\/wp\/v2\/types\/page"}],"author":[{"embeddable":true,"href":"https:\/\/www.rbfoto.cz\/index.php\/wp-json\/wp\/v2\/users\/1"}],"replies":[{"embeddable":true,"href":"https:\/\/www.rbfoto.cz\/index.php\/wp-json\/wp\/v2\/comments?post=67"}],"version-history":[{"count":23,"href":"https:\/\/www.rbfoto.cz\/index.php\/wp-json\/wp\/v2\/pages\/67\/revisions"}],"predecessor-version":[{"id":516,"href":"https:\/\/www.rbfoto.cz\/index.php\/wp-json\/wp\/v2\/pages\/67\/revisions\/516"}],"wp:attachment":[{"href":"https:\/\/www.rbfoto.cz\/index.php\/wp-json\/wp\/v2\/media?parent=67"}],"curies":[{"name":"wp","href":"https:\/\/api.w.org\/{rel}","templated":true}]}}